{"id":201,"date":"2025-02-04T19:29:21","date_gmt":"2025-02-04T19:29:21","guid":{"rendered":"https:\/\/lebaronhouse.com\/?page_id=201"},"modified":"2025-06-11T08:44:18","modified_gmt":"2025-06-11T08:44:18","slug":"contacto","status":"publish","type":"page","link":"https:\/\/lebaronhouse.com\/en\/contacto\/","title":{"rendered":"Contact"},"content":{"rendered":"","protected":false},"excerpt":{"rendered":"","protected":false},"author":1,"featured_media":0,"parent":0,"menu_order":5,"comment_status":"closed","ping_status":"closed","template":"","meta":{"slim_seo":{"title":"Contacto - Le Baron","description":"Contacta con Nosotros Cont\u00e1ctanos para m\u00e1s informaci\u00f3n sobre nuestros proyectos y servicios. Email admin@lebaronhouse.com S\u00edguenos en Contacta a trav\u00e9s del form"},"footnotes":""},"class_list":["post-201","page","type-page","status-publish","hentry"],"_links":{"self":[{"href":"https:\/\/lebaronhouse.com\/en\/wp-json\/wp\/v2\/pages\/201","targetHints":{"allow":["GET"]}}],"collection":[{"href":"https:\/\/lebaronhouse.com\/en\/wp-json\/wp\/v2\/pages"}],"about":[{"href":"https:\/\/lebaronhouse.com\/en\/wp-json\/wp\/v2\/types\/page"}],"author":[{"embeddable":true,"href":"https:\/\/lebaronhouse.com\/en\/wp-json\/wp\/v2\/users\/1"}],"replies":[{"embeddable":true,"href":"https:\/\/lebaronhouse.com\/en\/wp-json\/wp\/v2\/comments?post=201"}],"version-history":[{"count":15,"href":"https:\/\/lebaronhouse.com\/en\/wp-json\/wp\/v2\/pages\/201\/revisions"}],"predecessor-version":[{"id":737,"href":"https:\/\/lebaronhouse.com\/en\/wp-json\/wp\/v2\/pages\/201\/revisions\/737"}],"wp:attachment":[{"href":"https:\/\/lebaronhouse.com\/en\/wp-json\/wp\/v2\/media?parent=201"}],"curies":[{"name":"wp","href":"https:\/\/api.w.org\/{rel}","templated":true}]}}