{"id":217,"date":"2025-02-04T10:09:01","date_gmt":"2025-02-04T10:09:01","guid":{"rendered":"https:\/\/lebaronhouse.com\/?page_id=217"},"modified":"2025-02-08T18:07:21","modified_gmt":"2025-02-08T18:07:21","slug":"diseno","status":"publish","type":"page","link":"https:\/\/lebaronhouse.com\/en\/diseno\/","title":{"rendered":"Design"},"content":{"rendered":"","protected":false},"excerpt":{"rendered":"","protected":false},"author":1,"featured_media":0,"parent":0,"menu_order":2,"comment_status":"closed","ping_status":"closed","template":"","meta":{"slim_seo":{"title":"Dise\u00f1o - Le Baron","description":"El dise\u00f1o importa Detr\u00e1s de cada proyecto de Le Baron hay un equipo de arquitectos y dise\u00f1adores excepcionales que comparten una misma visi\u00f3n: crear espacios qu"},"footnotes":""},"class_list":["post-217","page","type-page","status-publish","hentry"],"_links":{"self":[{"href":"https:\/\/lebaronhouse.com\/en\/wp-json\/wp\/v2\/pages\/217","targetHints":{"allow":["GET"]}}],"collection":[{"href":"https:\/\/lebaronhouse.com\/en\/wp-json\/wp\/v2\/pages"}],"about":[{"href":"https:\/\/lebaronhouse.com\/en\/wp-json\/wp\/v2\/types\/page"}],"author":[{"embeddable":true,"href":"https:\/\/lebaronhouse.com\/en\/wp-json\/wp\/v2\/users\/1"}],"replies":[{"embeddable":true,"href":"https:\/\/lebaronhouse.com\/en\/wp-json\/wp\/v2\/comments?post=217"}],"version-history":[{"count":5,"href":"https:\/\/lebaronhouse.com\/en\/wp-json\/wp\/v2\/pages\/217\/revisions"}],"predecessor-version":[{"id":499,"href":"https:\/\/lebaronhouse.com\/en\/wp-json\/wp\/v2\/pages\/217\/revisions\/499"}],"wp:attachment":[{"href":"https:\/\/lebaronhouse.com\/en\/wp-json\/wp\/v2\/media?parent=217"}],"curies":[{"name":"wp","href":"https:\/\/api.w.org\/{rel}","templated":true}]}}