{"id":306,"date":"2025-02-05T08:11:48","date_gmt":"2025-02-05T08:11:48","guid":{"rendered":"https:\/\/lebaronhouse.com\/politica-de-privacidad\/"},"modified":"2025-05-01T18:02:05","modified_gmt":"2025-05-01T18:02:05","slug":"politica-de-privacidad","status":"publish","type":"page","link":"https:\/\/lebaronhouse.com\/en\/politica-de-privacidad\/","title":{"rendered":"Privacy Policy"},"content":{"rendered":"","protected":false},"excerpt":{"rendered":"","protected":false},"author":1,"featured_media":0,"parent":0,"menu_order":8,"comment_status":"closed","ping_status":"closed","template":"","meta":{"slim_seo":{"title":"Pol\u00edtica de Privacidad - Le Baron","description":"Pol\u00edtica de Privacidad El Titular le informa sobre su Pol\u00edtica de Privacidad respecto del tratamiento y protecci\u00f3n de los datos de car\u00e1cter personal de los usua"},"footnotes":""},"class_list":["post-306","page","type-page","status-publish","hentry"],"_links":{"self":[{"href":"https:\/\/lebaronhouse.com\/en\/wp-json\/wp\/v2\/pages\/306","targetHints":{"allow":["GET"]}}],"collection":[{"href":"https:\/\/lebaronhouse.com\/en\/wp-json\/wp\/v2\/pages"}],"about":[{"href":"https:\/\/lebaronhouse.com\/en\/wp-json\/wp\/v2\/types\/page"}],"author":[{"embeddable":true,"href":"https:\/\/lebaronhouse.com\/en\/wp-json\/wp\/v2\/users\/1"}],"replies":[{"embeddable":true,"href":"https:\/\/lebaronhouse.com\/en\/wp-json\/wp\/v2\/comments?post=306"}],"version-history":[{"count":3,"href":"https:\/\/lebaronhouse.com\/en\/wp-json\/wp\/v2\/pages\/306\/revisions"}],"predecessor-version":[{"id":697,"href":"https:\/\/lebaronhouse.com\/en\/wp-json\/wp\/v2\/pages\/306\/revisions\/697"}],"wp:attachment":[{"href":"https:\/\/lebaronhouse.com\/en\/wp-json\/wp\/v2\/media?parent=306"}],"curies":[{"name":"wp","href":"https:\/\/api.w.org\/{rel}","templated":true}]}}