{"id":307,"date":"2025-02-05T08:11:48","date_gmt":"2025-02-05T08:11:48","guid":{"rendered":"https:\/\/lebaronhouse.com\/politica-de-cookies\/"},"modified":"2025-05-01T18:02:15","modified_gmt":"2025-05-01T18:02:15","slug":"politica-de-cookies","status":"publish","type":"page","link":"https:\/\/lebaronhouse.com\/en\/politica-de-cookies\/","title":{"rendered":"Cookie Policy"},"content":{"rendered":"","protected":false},"excerpt":{"rendered":"","protected":false},"author":1,"featured_media":0,"parent":0,"menu_order":9,"comment_status":"closed","ping_status":"closed","template":"","meta":{"slim_seo":{"title":"Pol\u00edtica de Cookies - Le Baron","description":"Pol\u00edtica de Cookies \u00bfQu\u00e9 son las galletas? En ingl\u00e9s, el t\u00e9rmino \u00abcookie\u00bb significa galleta, pero en el \u00e1mbito de la navegaci\u00f3n web, una \u00abcookie\u00bb es algo comple"},"footnotes":""},"class_list":["post-307","page","type-page","status-publish","hentry"],"_links":{"self":[{"href":"https:\/\/lebaronhouse.com\/en\/wp-json\/wp\/v2\/pages\/307","targetHints":{"allow":["GET"]}}],"collection":[{"href":"https:\/\/lebaronhouse.com\/en\/wp-json\/wp\/v2\/pages"}],"about":[{"href":"https:\/\/lebaronhouse.com\/en\/wp-json\/wp\/v2\/types\/page"}],"author":[{"embeddable":true,"href":"https:\/\/lebaronhouse.com\/en\/wp-json\/wp\/v2\/users\/1"}],"replies":[{"embeddable":true,"href":"https:\/\/lebaronhouse.com\/en\/wp-json\/wp\/v2\/comments?post=307"}],"version-history":[{"count":1,"href":"https:\/\/lebaronhouse.com\/en\/wp-json\/wp\/v2\/pages\/307\/revisions"}],"predecessor-version":[{"id":698,"href":"https:\/\/lebaronhouse.com\/en\/wp-json\/wp\/v2\/pages\/307\/revisions\/698"}],"wp:attachment":[{"href":"https:\/\/lebaronhouse.com\/en\/wp-json\/wp\/v2\/media?parent=307"}],"curies":[{"name":"wp","href":"https:\/\/api.w.org\/{rel}","templated":true}]}}